{"id":16388,"date":"2024-05-17T10:33:12","date_gmt":"2024-05-17T08:33:12","guid":{"rendered":"https:\/\/uniivo.eu\/a-propos\/histoire\/"},"modified":"2026-04-30T07:54:11","modified_gmt":"2026-04-30T05:54:11","slug":"historia","status":"publish","type":"page","link":"https:\/\/uniivo.eu\/es\/sobre-nosotros\/historia\/","title":{"rendered":"Historia"},"content":{"rendered":"","protected":false},"excerpt":{"rendered":"<p> [&#8230;]<\/p>\n<p><a class=\"btn btn-secondary understrap-read-more-link\" href=\"https:\/\/uniivo.eu\/es\/sobre-nosotros\/historia\/\">Leer m\u00e1s&#8230;<span class=\"screen-reader-text\"> from Historia<\/span><\/a><\/p>\n","protected":false},"author":1,"featured_media":16379,"parent":16375,"menu_order":0,"comment_status":"closed","ping_status":"closed","template":"page-templates\/about_histoire.php","meta":{"_acf_changed":false,"footnotes":""},"class_list":["post-16388","page","type-page","status-publish","has-post-thumbnail","hentry"],"acf":[],"yoast_head":"<!-- This site is optimized with the Yoast SEO plugin v27.4 - https:\/\/yoast.com\/product\/yoast-seo-wordpress\/ -->\n<title>Historia - Compromiso con el bienestar animal y la \u00e9tica - Uniivo<\/title>\n<meta name=\"description\" content=\"Sum\u00e9rgete en la historia de Uniivo, donde el compromiso con la ciencia y la \u00e9tica gu\u00eda nuestro trabajo y nuestras investigaciones.\" \/>\n<meta name=\"robots\" content=\"index, follow, max-snippet:-1, max-image-preview:large, max-video-preview:-1\" \/>\n<link rel=\"canonical\" href=\"https:\/\/uniivo.eu\/es\/sobre-nosotros\/historia\/\" \/>\n<meta property=\"og:locale\" content=\"es_ES\" \/>\n<meta property=\"og:type\" content=\"article\" \/>\n<meta property=\"og:title\" content=\"Historia - Compromiso con el bienestar animal y la \u00e9tica - Uniivo\" \/>\n<meta property=\"og:description\" content=\"Sum\u00e9rgete en la historia de Uniivo, donde el compromiso con la ciencia y la \u00e9tica gu\u00eda nuestro trabajo y nuestras investigaciones.\" \/>\n<meta property=\"og:url\" content=\"https:\/\/uniivo.eu\/es\/sobre-nosotros\/historia\/\" \/>\n<meta property=\"og:site_name\" content=\"Uniivo\" \/>\n<meta property=\"article:modified_time\" content=\"2026-04-30T05:54:11+00:00\" \/>\n<meta property=\"og:image\" content=\"https:\/\/uniivo.eu\/wp-content\/uploads\/2024\/05\/Professional-Laboratoire.jpg\" \/>\n\t<meta property=\"og:image:width\" content=\"891\" \/>\n\t<meta property=\"og:image:height\" content=\"587\" \/>\n\t<meta property=\"og:image:type\" content=\"image\/jpeg\" \/>\n<meta name=\"twitter:card\" content=\"summary_large_image\" \/>\n<meta name=\"twitter:label1\" content=\"Tiempo de lectura\" \/>\n\t<meta name=\"twitter:data1\" content=\"2 minuto\" \/>\n<script type=\"application\/ld+json\" class=\"yoast-schema-graph\">{\"@context\":\"https:\\\/\\\/schema.org\",\"@graph\":[{\"@type\":\"WebPage\",\"@id\":\"https:\\\/\\\/uniivo.eu\\\/es\\\/sobre-nosotros\\\/historia\\\/\",\"url\":\"https:\\\/\\\/uniivo.eu\\\/es\\\/sobre-nosotros\\\/historia\\\/\",\"name\":\"Historia - Compromiso con el bienestar animal y la \u00e9tica - Uniivo\",\"isPartOf\":{\"@id\":\"https:\\\/\\\/uniivo.eu\\\/es\\\/#website\"},\"primaryImageOfPage\":{\"@id\":\"https:\\\/\\\/uniivo.eu\\\/es\\\/sobre-nosotros\\\/historia\\\/#primaryimage\"},\"image\":{\"@id\":\"https:\\\/\\\/uniivo.eu\\\/es\\\/sobre-nosotros\\\/historia\\\/#primaryimage\"},\"thumbnailUrl\":\"https:\\\/\\\/uniivo.eu\\\/wp-content\\\/uploads\\\/2024\\\/05\\\/Professional-Laboratoire.jpg\",\"datePublished\":\"2024-05-17T08:33:12+00:00\",\"dateModified\":\"2026-04-30T05:54:11+00:00\",\"description\":\"Sum\u00e9rgete en la historia de Uniivo, donde el compromiso con la ciencia y la \u00e9tica gu\u00eda nuestro trabajo y nuestras investigaciones.\",\"breadcrumb\":{\"@id\":\"https:\\\/\\\/uniivo.eu\\\/es\\\/sobre-nosotros\\\/historia\\\/#breadcrumb\"},\"inLanguage\":\"es\",\"potentialAction\":[{\"@type\":\"ReadAction\",\"target\":[\"https:\\\/\\\/uniivo.eu\\\/es\\\/sobre-nosotros\\\/historia\\\/\"]}]},{\"@type\":\"ImageObject\",\"inLanguage\":\"es\",\"@id\":\"https:\\\/\\\/uniivo.eu\\\/es\\\/sobre-nosotros\\\/historia\\\/#primaryimage\",\"url\":\"https:\\\/\\\/uniivo.eu\\\/wp-content\\\/uploads\\\/2024\\\/05\\\/Professional-Laboratoire.jpg\",\"contentUrl\":\"https:\\\/\\\/uniivo.eu\\\/wp-content\\\/uploads\\\/2024\\\/05\\\/Professional-Laboratoire.jpg\",\"width\":891,\"height\":587,\"caption\":\"Uniivo Laboratoire\"},{\"@type\":\"BreadcrumbList\",\"@id\":\"https:\\\/\\\/uniivo.eu\\\/es\\\/sobre-nosotros\\\/historia\\\/#breadcrumb\",\"itemListElement\":[{\"@type\":\"ListItem\",\"position\":1,\"name\":\"Inicio\",\"item\":\"https:\\\/\\\/uniivo.eu\\\/es\\\/\"},{\"@type\":\"ListItem\",\"position\":2,\"name\":\"Sobre nosotros\",\"item\":\"https:\\\/\\\/uniivo.eu\\\/es\\\/sobre-nosotros\\\/\"},{\"@type\":\"ListItem\",\"position\":3,\"name\":\"Historia\"}]},{\"@type\":\"WebSite\",\"@id\":\"https:\\\/\\\/uniivo.eu\\\/es\\\/#website\",\"url\":\"https:\\\/\\\/uniivo.eu\\\/es\\\/\",\"name\":\"Uniivo\",\"description\":\"From today&#039;s science to tomorrow&#039;s health\",\"potentialAction\":[{\"@type\":\"SearchAction\",\"target\":{\"@type\":\"EntryPoint\",\"urlTemplate\":\"https:\\\/\\\/uniivo.eu\\\/es\\\/?s={search_term_string}\"},\"query-input\":{\"@type\":\"PropertyValueSpecification\",\"valueRequired\":true,\"valueName\":\"search_term_string\"}}],\"inLanguage\":\"es\"}]}<\/script>\n<!-- \/ Yoast SEO plugin. -->","yoast_head_json":{"title":"Historia - Compromiso con el bienestar animal y la \u00e9tica - Uniivo","description":"Sum\u00e9rgete en la historia de Uniivo, donde el compromiso con la ciencia y la \u00e9tica gu\u00eda nuestro trabajo y nuestras investigaciones.","robots":{"index":"index","follow":"follow","max-snippet":"max-snippet:-1","max-image-preview":"max-image-preview:large","max-video-preview":"max-video-preview:-1"},"canonical":"https:\/\/uniivo.eu\/es\/sobre-nosotros\/historia\/","og_locale":"es_ES","og_type":"article","og_title":"Historia - Compromiso con el bienestar animal y la \u00e9tica - Uniivo","og_description":"Sum\u00e9rgete en la historia de Uniivo, donde el compromiso con la ciencia y la \u00e9tica gu\u00eda nuestro trabajo y nuestras investigaciones.","og_url":"https:\/\/uniivo.eu\/es\/sobre-nosotros\/historia\/","og_site_name":"Uniivo","article_modified_time":"2026-04-30T05:54:11+00:00","og_image":[{"width":891,"height":587,"url":"https:\/\/uniivo.eu\/wp-content\/uploads\/2024\/05\/Professional-Laboratoire.jpg","type":"image\/jpeg"}],"twitter_card":"summary_large_image","twitter_misc":{"Tiempo de lectura":"2 minuto"},"schema":{"@context":"https:\/\/schema.org","@graph":[{"@type":"WebPage","@id":"https:\/\/uniivo.eu\/es\/sobre-nosotros\/historia\/","url":"https:\/\/uniivo.eu\/es\/sobre-nosotros\/historia\/","name":"Historia - Compromiso con el bienestar animal y la \u00e9tica - Uniivo","isPartOf":{"@id":"https:\/\/uniivo.eu\/es\/#website"},"primaryImageOfPage":{"@id":"https:\/\/uniivo.eu\/es\/sobre-nosotros\/historia\/#primaryimage"},"image":{"@id":"https:\/\/uniivo.eu\/es\/sobre-nosotros\/historia\/#primaryimage"},"thumbnailUrl":"https:\/\/uniivo.eu\/wp-content\/uploads\/2024\/05\/Professional-Laboratoire.jpg","datePublished":"2024-05-17T08:33:12+00:00","dateModified":"2026-04-30T05:54:11+00:00","description":"Sum\u00e9rgete en la historia de Uniivo, donde el compromiso con la ciencia y la \u00e9tica gu\u00eda nuestro trabajo y nuestras investigaciones.","breadcrumb":{"@id":"https:\/\/uniivo.eu\/es\/sobre-nosotros\/historia\/#breadcrumb"},"inLanguage":"es","potentialAction":[{"@type":"ReadAction","target":["https:\/\/uniivo.eu\/es\/sobre-nosotros\/historia\/"]}]},{"@type":"ImageObject","inLanguage":"es","@id":"https:\/\/uniivo.eu\/es\/sobre-nosotros\/historia\/#primaryimage","url":"https:\/\/uniivo.eu\/wp-content\/uploads\/2024\/05\/Professional-Laboratoire.jpg","contentUrl":"https:\/\/uniivo.eu\/wp-content\/uploads\/2024\/05\/Professional-Laboratoire.jpg","width":891,"height":587,"caption":"Uniivo Laboratoire"},{"@type":"BreadcrumbList","@id":"https:\/\/uniivo.eu\/es\/sobre-nosotros\/historia\/#breadcrumb","itemListElement":[{"@type":"ListItem","position":1,"name":"Inicio","item":"https:\/\/uniivo.eu\/es\/"},{"@type":"ListItem","position":2,"name":"Sobre nosotros","item":"https:\/\/uniivo.eu\/es\/sobre-nosotros\/"},{"@type":"ListItem","position":3,"name":"Historia"}]},{"@type":"WebSite","@id":"https:\/\/uniivo.eu\/es\/#website","url":"https:\/\/uniivo.eu\/es\/","name":"Uniivo","description":"From today&#039;s science to tomorrow&#039;s health","potentialAction":[{"@type":"SearchAction","target":{"@type":"EntryPoint","urlTemplate":"https:\/\/uniivo.eu\/es\/?s={search_term_string}"},"query-input":{"@type":"PropertyValueSpecification","valueRequired":true,"valueName":"search_term_string"}}],"inLanguage":"es"}]}},"_links":{"self":[{"href":"https:\/\/uniivo.eu\/es\/wp-json\/wp\/v2\/pages\/16388","targetHints":{"allow":["GET"]}}],"collection":[{"href":"https:\/\/uniivo.eu\/es\/wp-json\/wp\/v2\/pages"}],"about":[{"href":"https:\/\/uniivo.eu\/es\/wp-json\/wp\/v2\/types\/page"}],"author":[{"embeddable":true,"href":"https:\/\/uniivo.eu\/es\/wp-json\/wp\/v2\/users\/1"}],"replies":[{"embeddable":true,"href":"https:\/\/uniivo.eu\/es\/wp-json\/wp\/v2\/comments?post=16388"}],"version-history":[{"count":5,"href":"https:\/\/uniivo.eu\/es\/wp-json\/wp\/v2\/pages\/16388\/revisions"}],"predecessor-version":[{"id":16642,"href":"https:\/\/uniivo.eu\/es\/wp-json\/wp\/v2\/pages\/16388\/revisions\/16642"}],"up":[{"embeddable":true,"href":"https:\/\/uniivo.eu\/es\/wp-json\/wp\/v2\/pages\/16375"}],"wp:featuredmedia":[{"embeddable":true,"href":"https:\/\/uniivo.eu\/es\/wp-json\/wp\/v2\/media\/16379"}],"wp:attachment":[{"href":"https:\/\/uniivo.eu\/es\/wp-json\/wp\/v2\/media?parent=16388"}],"curies":[{"name":"wp","href":"https:\/\/api.w.org\/{rel}","templated":true}]}}