{"id":16434,"date":"2024-05-10T16:30:11","date_gmt":"2024-05-10T14:30:11","guid":{"rendered":"https:\/\/uniivo.eu\/politique-de-confidentialite-uniivo\/"},"modified":"2026-04-14T13:45:37","modified_gmt":"2026-04-14T11:45:37","slug":"politica-de-privacidad-uniivo","status":"publish","type":"page","link":"https:\/\/uniivo.eu\/es\/politica-de-privacidad-uniivo\/","title":{"rendered":"Pol\u00edtica de privacidad"},"content":{"rendered":"<p>Uniivo, con domicilio en 1 cour du Havre, 75008 Par\u00eds (Francia), se compromete a proteger los datos personales de los Usuarios. Al acceder al sitio web de Uniivo, los Usuarios aceptan cumplir y quedar vinculados por esta Pol\u00edtica de Privacidad, que podr\u00e1 ser modificada o actualizada en cualquier momento sin previo aviso.<\/p>\n<p class=\"p1\">Cualquier modificaci\u00f3n o actualizaci\u00f3n se publicar\u00e1 en el Sitio.<\/p>\n<p class=\"p1\">La direcci\u00f3n de nuestro sitio web es: https:\/\/ uniivo. eu<\/p>\n<h2>Uso de los datos personales recopilados:<\/h2>\n<h2>Comentarios:<\/h2>\n<p>Cuando deja un comentario en nuestro sitio web, recopilamos los datos introducidos en el formulario, as\u00ed como su direcci\u00f3n IP y el agente de usuario de su navegador, con el fin de detectar comentarios no deseados. Una cadena anonimizada generada a partir de su direcci\u00f3n de correo electr\u00f3nico (hash) puede enviarse al servicio Gravatar para comprobar si lo utiliza. Puede consultar la pol\u00edtica de privacidad de Gravatar aqu\u00ed: https:\/\/automattic.com\/privacy\/.<\/p>\n<p class=\"p1\">Una vez aprobado el comentario, su foto de perfil ser\u00e1 visible p\u00fablicamente junto al mismo.<\/p>\n<p class=\"p1\">Medios: Si es un usuario registrado y sube im\u00e1genes al sitio web, le recomendamos evitar im\u00e1genes que incluyan datos EXIF con coordenadas GPS. Los visitantes podr\u00edan descargar y extraer estos datos de localizaci\u00f3n.<\/p>\n<p class=\"p1\">Formularios de contacto: La informaci\u00f3n recopilada en este formulario se almacena en un fichero automatizado gestionado por Uniivo para la gesti\u00f3n de clientes y el env\u00edo de comunicaciones, como newsletters.<\/p>\n<p class=\"p1\">Los datos se conservan durante 3 a\u00f1os y est\u00e1n destinados al departamento de marketing y al departamento comercial, as\u00ed como, en su caso, a los socios de la empresa. De acuerdo con la normativa de protecci\u00f3n de datos, puede ejercer sus derechos de acceso y rectificaci\u00f3n escribiendo al responsable del tratamiento en: info@uniivo.eu. Le informamos asimismo de la existencia de la lista de exclusi\u00f3n publicitaria \u00abBloctel\u00bb, en la que puede inscribirse aqu\u00ed: https:\/\/conso.bloctel.fr\/<\/p>\n<h2>Cookies :<\/h2>\n<p>Si deja un comentario en nuestro sitio, podr\u00e1 guardar su nombre, correo electr\u00f3nico y sitio web en cookies. Esto se hace \u00fanicamente para su comodidad, para que no tenga que volver a introducir estos datos en futuros comentarios. Estas cookies tienen una duraci\u00f3n de un a\u00f1o. Si dispone de una cuenta y accede al sitio, se crear\u00e1 una cookie temporal para comprobar si su navegador acepta cookies. No contiene datos personales y se elimina al cerrar el navegador. Al iniciar sesi\u00f3n, se instalar\u00e1n varias cookies para guardar sus datos de acceso y preferencias de pantalla. Las cookies de sesi\u00f3n duran dos d\u00edas y las de preferencias, un a\u00f1o. Si selecciona \u00abRecordarme\u00bb, su sesi\u00f3n se mantendr\u00e1 durante dos semanas. Si cierra sesi\u00f3n, las cookies se eliminar\u00e1n. Al modificar o publicar un art\u00edculo, se guardar\u00e1 una cookie adicional que no contiene datos personales y que solo indica el identificador del art\u00edculo editado. Caduca al cabo de un d\u00eda.<\/p>\n<h2>Tipo de cookies utilizadas:<\/h2>\n<h2>Cookies necesarias para la navegaci\u00f3n:<\/h2>\n<p class=\"p1\">Estas cookies permiten el funcionamiento b\u00e1sico del sitio web, como la navegaci\u00f3n o el acceso a \u00e1reas seguras. Sin ellas, el sitio no puede funcionar correctamente.<\/p>\n<h2>Cookies de preferencias:<\/h2>\n<p class=\"p1\">Permiten recordar informaci\u00f3n que modifica el comportamiento o la apariencia del sitio, como el idioma o la regi\u00f3n del usuario.<\/p>\n<h2>Cookies estad\u00edsticas:<\/h2>\n<p class=\"p1\">Ayudan a los responsables del sitio web a comprender c\u00f3mo interact\u00faan los usuarios mediante la recopilaci\u00f3n de datos de forma an\u00f3nima.<\/p>\n<h2>Cookies de marketing:<\/h2>\n<p class=\"p1\">Se utilizan para rastrear a los usuarios en diferentes sitios web y mostrar anuncios relevantes y personalizados, lo que aporta valor tanto a los usuarios como a los anunciantes.<\/p>\n<h2>C\u00f3mo configurar las cookies:<\/h2>\n<p class=\"p1\">Debe tener en cuenta que la configuraci\u00f3n de cookies puede afectar al acceso a ciertos contenidos y servicios. Si configura su navegador para rechazar todas las cookies, es posible que algunas funcionalidades no est\u00e9n disponibles. Por ello, se recomienda ajustar la configuraci\u00f3n teniendo en cuenta la finalidad de las cookies. Su elecci\u00f3n de rechazar cookies se guardar\u00e1 mediante una cookie de rechazo en su dispositivo. Por tanto, es importante no eliminarla si desea mantener esta preferencia.<\/p>\n<h2>Contenido incrustado desde otros sitios:<\/h2>\n<p class=\"p1\">Los art\u00edculos de este sitio pueden incluir contenido incrustado (por ejemplo, v\u00eddeos, im\u00e1genes o art\u00edculos). Este contenido se comporta igual que si el usuario accediera directamente al sitio externo. Estos sitios pueden recopilar datos, utilizar cookies, incorporar herramientas de seguimiento de terceros y registrar su interacci\u00f3n si dispone de una cuenta y est\u00e1 conectado en dichos sitios.<\/p>\n<h2>Estad\u00edsticas y medici\u00f3n de audiencia:<\/h2>\n<p class=\"p1\">Para analizar la audiencia del sitio, Uniivo utiliza Google Analytics. Para m\u00e1s informaci\u00f3n sobre sus pol\u00edticas de privacidad y seguridad, puede consultar: https:\/\/marketingplatform.google.com\/ about\/?hl=fr<\/p>\n<p class=\"p1\">Uso y cesi\u00f3n de sus datos personales recopilados:<\/p>\n<p class=\"p1\">Por defecto, no compartimos sus datos personales con terceros.<\/p>\n<h2>Conservaci\u00f3n de los datos:<\/h2>\n<p class=\"p1\">Si deja un comentario, tanto el comentario como sus metadatos se conservan de forma indefinida. Esto permite reconocer y aprobar autom\u00e1ticamente futuros comentarios. En el caso de los usuarios registrados, almacenamos tambi\u00e9n los datos personales incluidos en su perfil. Los usuarios pueden acceder, modificar o eliminar sus datos en cualquier momento (excepto su nombre de usuario). Los administradores del sitio tambi\u00e9n pueden acceder y modificar esta informaci\u00f3n.<\/p>\n<h2>Derechos sobre sus datos:<\/h2>\n<p>Si tiene una cuenta o ha dejado comentarios en el sitio, puede solicitar un archivo con todos los datos personales que tenemos sobre usted, incluidos los que nos haya proporcionado. Tambi\u00e9n puede solicitar la eliminaci\u00f3n de sus datos personales. Esto no incluye los datos que deban conservarse por obligaciones legales, administrativas o de seguridad.<\/p>\n","protected":false},"excerpt":{"rendered":"<p>Uniivo, con domicilio en 1 cour du Havre, 75008 Par\u00eds (Francia), se compromete a proteger los datos personales de los Usuarios. Al acceder al sitio web de Uniivo, los Usuarios aceptan cumplir y quedar vinculados por esta Pol\u00edtica de Privacidad, que podr\u00e1 ser modificada o actualizada en cualquier momento sin previo aviso. Cualquier modificaci\u00f3n o [&#8230;]<\/p>\n<p><a class=\"btn btn-secondary understrap-read-more-link\" href=\"https:\/\/uniivo.eu\/es\/politica-de-privacidad-uniivo\/\">Leer m\u00e1s&#8230;<span class=\"screen-reader-text\"> from Pol\u00edtica de privacidad<\/span><\/a><\/p>\n","protected":false},"author":1,"featured_media":0,"parent":0,"menu_order":0,"comment_status":"closed","ping_status":"closed","template":"","meta":{"_acf_changed":false,"footnotes":""},"class_list":["post-16434","page","type-page","status-publish","hentry"],"acf":[],"yoast_head":"<!-- This site is optimized with the Yoast SEO plugin v27.4 - https:\/\/yoast.com\/product\/yoast-seo-wordpress\/ -->\n<title>Pol\u00edtica de privacidad - protecci\u00f3n de sus datos | Uniivo<\/title>\n<meta name=\"description\" content=\"Consulta nuestra pol\u00edtica de privacidad para obtener m\u00e1s informaci\u00f3n sobre la recopilaci\u00f3n, el uso y la protecci\u00f3n de tus datos.\" \/>\n<meta name=\"robots\" content=\"index, follow, max-snippet:-1, max-image-preview:large, max-video-preview:-1\" \/>\n<link rel=\"canonical\" href=\"https:\/\/uniivo.eu\/es\/politica-de-privacidad-uniivo\/\" \/>\n<meta property=\"og:locale\" content=\"es_ES\" \/>\n<meta property=\"og:type\" content=\"article\" \/>\n<meta property=\"og:title\" content=\"Pol\u00edtica de privacidad - protecci\u00f3n de sus datos | Uniivo\" \/>\n<meta property=\"og:description\" content=\"Consulta nuestra pol\u00edtica de privacidad para obtener m\u00e1s informaci\u00f3n sobre la recopilaci\u00f3n, el uso y la protecci\u00f3n de tus datos.\" \/>\n<meta property=\"og:url\" content=\"https:\/\/uniivo.eu\/es\/politica-de-privacidad-uniivo\/\" \/>\n<meta property=\"og:site_name\" content=\"Uniivo\" \/>\n<meta property=\"article:modified_time\" content=\"2026-04-14T11:45:37+00:00\" \/>\n<meta name=\"twitter:card\" content=\"summary_large_image\" \/>\n<meta name=\"twitter:label1\" content=\"Tiempo de lectura\" \/>\n\t<meta name=\"twitter:data1\" content=\"5 minuto\" \/>\n<script type=\"application\/ld+json\" class=\"yoast-schema-graph\">{\"@context\":\"https:\\\/\\\/schema.org\",\"@graph\":[{\"@type\":\"WebPage\",\"@id\":\"https:\\\/\\\/uniivo.eu\\\/es\\\/politica-de-privacidad-uniivo\\\/\",\"url\":\"https:\\\/\\\/uniivo.eu\\\/es\\\/politica-de-privacidad-uniivo\\\/\",\"name\":\"Pol\u00edtica de privacidad - protecci\u00f3n de sus datos | Uniivo\",\"isPartOf\":{\"@id\":\"https:\\\/\\\/uniivo.eu\\\/es\\\/#website\"},\"datePublished\":\"2024-05-10T14:30:11+00:00\",\"dateModified\":\"2026-04-14T11:45:37+00:00\",\"description\":\"Consulta nuestra pol\u00edtica de privacidad para obtener m\u00e1s informaci\u00f3n sobre la recopilaci\u00f3n, el uso y la protecci\u00f3n de tus datos.\",\"breadcrumb\":{\"@id\":\"https:\\\/\\\/uniivo.eu\\\/es\\\/politica-de-privacidad-uniivo\\\/#breadcrumb\"},\"inLanguage\":\"es\",\"potentialAction\":[{\"@type\":\"ReadAction\",\"target\":[\"https:\\\/\\\/uniivo.eu\\\/es\\\/politica-de-privacidad-uniivo\\\/\"]}]},{\"@type\":\"BreadcrumbList\",\"@id\":\"https:\\\/\\\/uniivo.eu\\\/es\\\/politica-de-privacidad-uniivo\\\/#breadcrumb\",\"itemListElement\":[{\"@type\":\"ListItem\",\"position\":1,\"name\":\"Inicio\",\"item\":\"https:\\\/\\\/uniivo.eu\\\/es\\\/\"},{\"@type\":\"ListItem\",\"position\":2,\"name\":\"Pol\u00edtica de privacidad\"}]},{\"@type\":\"WebSite\",\"@id\":\"https:\\\/\\\/uniivo.eu\\\/es\\\/#website\",\"url\":\"https:\\\/\\\/uniivo.eu\\\/es\\\/\",\"name\":\"Uniivo\",\"description\":\"From today&#039;s science to tomorrow&#039;s health\",\"potentialAction\":[{\"@type\":\"SearchAction\",\"target\":{\"@type\":\"EntryPoint\",\"urlTemplate\":\"https:\\\/\\\/uniivo.eu\\\/es\\\/?s={search_term_string}\"},\"query-input\":{\"@type\":\"PropertyValueSpecification\",\"valueRequired\":true,\"valueName\":\"search_term_string\"}}],\"inLanguage\":\"es\"}]}<\/script>\n<!-- \/ Yoast SEO plugin. -->","yoast_head_json":{"title":"Pol\u00edtica de privacidad - protecci\u00f3n de sus datos | Uniivo","description":"Consulta nuestra pol\u00edtica de privacidad para obtener m\u00e1s informaci\u00f3n sobre la recopilaci\u00f3n, el uso y la protecci\u00f3n de tus datos.","robots":{"index":"index","follow":"follow","max-snippet":"max-snippet:-1","max-image-preview":"max-image-preview:large","max-video-preview":"max-video-preview:-1"},"canonical":"https:\/\/uniivo.eu\/es\/politica-de-privacidad-uniivo\/","og_locale":"es_ES","og_type":"article","og_title":"Pol\u00edtica de privacidad - protecci\u00f3n de sus datos | Uniivo","og_description":"Consulta nuestra pol\u00edtica de privacidad para obtener m\u00e1s informaci\u00f3n sobre la recopilaci\u00f3n, el uso y la protecci\u00f3n de tus datos.","og_url":"https:\/\/uniivo.eu\/es\/politica-de-privacidad-uniivo\/","og_site_name":"Uniivo","article_modified_time":"2026-04-14T11:45:37+00:00","twitter_card":"summary_large_image","twitter_misc":{"Tiempo de lectura":"5 minuto"},"schema":{"@context":"https:\/\/schema.org","@graph":[{"@type":"WebPage","@id":"https:\/\/uniivo.eu\/es\/politica-de-privacidad-uniivo\/","url":"https:\/\/uniivo.eu\/es\/politica-de-privacidad-uniivo\/","name":"Pol\u00edtica de privacidad - protecci\u00f3n de sus datos | Uniivo","isPartOf":{"@id":"https:\/\/uniivo.eu\/es\/#website"},"datePublished":"2024-05-10T14:30:11+00:00","dateModified":"2026-04-14T11:45:37+00:00","description":"Consulta nuestra pol\u00edtica de privacidad para obtener m\u00e1s informaci\u00f3n sobre la recopilaci\u00f3n, el uso y la protecci\u00f3n de tus datos.","breadcrumb":{"@id":"https:\/\/uniivo.eu\/es\/politica-de-privacidad-uniivo\/#breadcrumb"},"inLanguage":"es","potentialAction":[{"@type":"ReadAction","target":["https:\/\/uniivo.eu\/es\/politica-de-privacidad-uniivo\/"]}]},{"@type":"BreadcrumbList","@id":"https:\/\/uniivo.eu\/es\/politica-de-privacidad-uniivo\/#breadcrumb","itemListElement":[{"@type":"ListItem","position":1,"name":"Inicio","item":"https:\/\/uniivo.eu\/es\/"},{"@type":"ListItem","position":2,"name":"Pol\u00edtica de privacidad"}]},{"@type":"WebSite","@id":"https:\/\/uniivo.eu\/es\/#website","url":"https:\/\/uniivo.eu\/es\/","name":"Uniivo","description":"From today&#039;s science to tomorrow&#039;s health","potentialAction":[{"@type":"SearchAction","target":{"@type":"EntryPoint","urlTemplate":"https:\/\/uniivo.eu\/es\/?s={search_term_string}"},"query-input":{"@type":"PropertyValueSpecification","valueRequired":true,"valueName":"search_term_string"}}],"inLanguage":"es"}]}},"_links":{"self":[{"href":"https:\/\/uniivo.eu\/es\/wp-json\/wp\/v2\/pages\/16434","targetHints":{"allow":["GET"]}}],"collection":[{"href":"https:\/\/uniivo.eu\/es\/wp-json\/wp\/v2\/pages"}],"about":[{"href":"https:\/\/uniivo.eu\/es\/wp-json\/wp\/v2\/types\/page"}],"author":[{"embeddable":true,"href":"https:\/\/uniivo.eu\/es\/wp-json\/wp\/v2\/users\/1"}],"replies":[{"embeddable":true,"href":"https:\/\/uniivo.eu\/es\/wp-json\/wp\/v2\/comments?post=16434"}],"version-history":[{"count":2,"href":"https:\/\/uniivo.eu\/es\/wp-json\/wp\/v2\/pages\/16434\/revisions"}],"predecessor-version":[{"id":16436,"href":"https:\/\/uniivo.eu\/es\/wp-json\/wp\/v2\/pages\/16434\/revisions\/16436"}],"wp:attachment":[{"href":"https:\/\/uniivo.eu\/es\/wp-json\/wp\/v2\/media?parent=16434"}],"curies":[{"name":"wp","href":"https:\/\/api.w.org\/{rel}","templated":true}]}}