{"id":16540,"date":"2024-05-17T10:41:18","date_gmt":"2024-05-17T08:41:18","guid":{"rendered":"https:\/\/uniivo.eu\/mentions-legales-uniivo\/"},"modified":"2026-04-24T11:06:05","modified_gmt":"2026-04-24T09:06:05","slug":"aviso-legal-uniivo","status":"publish","type":"page","link":"https:\/\/uniivo.eu\/es\/aviso-legal-uniivo\/","title":{"rendered":"Aviso legal"},"content":{"rendered":"<h3>El editor del sitio<\/h3>\n<p><strong>Domicilio social :<\/strong><br \/>\n1 Cour du Havre, 75013 Paris<br \/>\nTel\u00e9fono : 01 84 75 34 35<br \/>\nCorreo electr\u00f3nico : info@uniivo.eu<\/p>\n<p>Sociedad de responsabilidad limitada con un capital de 35000 \u20ac<\/p>\n<p><strong>Director de la publicaci\u00f3n :<\/strong><br \/>\nThomas Follier<\/p>\n<p><strong>Proveedor de alojamiento :<\/strong><br \/>\nOVH<br \/>\n2\u00a0rue Kellermann<br \/>\n59100 ROUBAIX<br \/>\nTel\u00e9fono : 08 203 203 63<\/p>\n<p><strong>Webmaster :<\/strong><br \/>\nEVOL | Agencia de consultor\u00eda en creaci\u00f3n y comunicaci\u00f3n \u2013 Lyon<br \/>\n3bis Rue Villeneuve, 69004 Lyon<br \/>\nCorreo electr\u00f3nico : info@studio-evol.fr<br \/>\nSitio web : <a href=\"https:\/\/agence-evol.fr\/\" target=\"_blank\" rel=\"noopener\">www.agence-evol.fr<\/a><\/p>\n<h3>Datos personales<\/h3>\n<p>El usuario del presente sitio (en adelante denominado \u00ab Usuario \u00bb) es informado de que, durante su navegaci\u00f3n en el sitio https:\/\/uniivo.eu (en adelante denominado \u00ab Sitio \u00bb), se recopilan y tratan datos personales que le conciernen por parte de Uniivo. Este tratamiento ha sido objeto de una declaraci\u00f3n ante la Comisi\u00f3n Nacional de Inform\u00e1tica y Libertades en aplicaci\u00f3n de la ley n.\u00ba 78-17 de 6 de enero de 1978.<\/p>\n<h3>El Usuario del Sitio es informado de que sus datos<\/h3>\n<ul>\n<li>son recopilados de forma leal y l\u00edcita,<\/li>\n<li>son recopilados con fines determinados,<\/li>\n<li>expl\u00edcitos y leg\u00edtimos,<\/li>\n<li>no ser\u00e1n tratados posteriormente de manera incompatible con dichos fines,<\/li>\n<li>son adecuados, pertinentes y no excesivos en relaci\u00f3n con los fines para los que se recopilan y su tratamiento posterior,<\/li>\n<li>son exactos y completos,<\/li>\n<li>se conservan en una forma que permite la identificaci\u00f3n de los interesados durante un per\u00edodo que no excede del necesario para los fines para los que son recopilados y tratados.<\/li>\n<\/ul>\n<p>Uniivo se compromete a adoptar todas las medidas necesarias para garantizar la seguridad de los datos y, en particular, para evitar su alteraci\u00f3n, p\u00e9rdida, deterioro o acceso por parte de terceros no autorizados. Estos datos se utilizan con fines comerciales internos. La informaci\u00f3n recopilada de los usuarios a trav\u00e9s de los formularios disponibles en el sitio web <a href=\"https:\/\/uniivo.eu\/es\/\">https:\/\/uniivo.eu<\/a> cumple con las disposiciones previstas en la Ley n.\u00ba 78-17, de 6 de enero de 1978, relativa a la inform\u00e1tica, los ficheros y las libertades.<\/p>\n<p>El destinatario de los datos personales relativos al Usuario es Uniivo. Estos datos no est\u00e1n destinados a ser comunicados a terceros.<\/p>\n<h3>Formularios de contacto<\/h3>\n<p>La informaci\u00f3n recopilada en este formulario se registra en un fichero informatizado por Cap Visibilidad para la gesti\u00f3n de nuestra clientela y el env\u00edo de informaci\u00f3n mediante boletines informativos.<\/p>\n<p>Se conserva durante 3 a\u00f1os y est\u00e1 destinada al departamento de marketing y al departamento comercial de la empresa y, en su caso, a sus socios.<\/p>\n<p>De conformidad con la ley \u00ab inform\u00e1tica y libertades \u00bb, puede ejercer su derecho de acceso a los datos que le conciernen y solicitar su rectificaci\u00f3n contactando con el responsable del tratamiento por correo electr\u00f3nico en la siguiente direcci\u00f3n : <a href=\"mailto:info@uniivo.eu\">info@uniivo.eu<\/a> Le informamos de la existencia de la lista de oposici\u00f3n a la prospecci\u00f3n telef\u00f3nica \u00ab Bloctel \u00bb, en la que puede inscribirse aqu\u00ed : <a href=\"https:\/\/conso.bloctel.fr\/\">https:\/\/conso.bloctel.fr\/<\/a><\/p>\n<h3>Enlaces presentes en el sitio<\/h3>\n<p>Les liens pr\u00e9sents sur ce site peuvent orienter l\u2019utilisateur sur des sites ext\u00e9rieurs dont le contenu ne peut en aucune mani\u00e8re engager la responsabilit\u00e9 de la r\u00e9daction du site Uniivo<\/p>\n<h3>Utilisations de cookies<\/h3>\n<p>El Usuario es informado de que Uniivo puede instalar una cookie en su ordenador. Una cookie no permite identificar al Usuario. Sin embargo, permite registrar informaci\u00f3n relativa a la navegaci\u00f3n de su ordenador en el Sitio, informaci\u00f3n que podr\u00e1 ser le\u00edda en visitas posteriores. Esta informaci\u00f3n se conserva en el ordenador del Usuario. No obstante, el Usuario puede, si lo desea, oponerse al almacenamiento de cookies en su ordenador, procediendo de la siguiente manera :<\/p>\n<ul>\n<li><strong>Para Mozilla Firefox :<\/strong> Elegir el men\u00fa \u201cherramientas\u201d luego \u201cOpciones\u201d Hacer clic en el icono \u201cprivacidad\u201d Localizar el men\u00fa \u201ccookies\u201d y seleccionar las opciones adecuadas<\/li>\n<li><strong>Para Microsoft Internet Explorer 6.0 :<\/strong> elegir el men\u00fa \u201cHerramientas\u201d (o \u201cTools\u201d), luego \u201cOpciones de Internet\u201d (o \u201cInternet Options\u201d). Hacer clic en la pesta\u00f1a \u201cPrivacidad\u201d (o \u201cConfidentiality\u201d) y seleccionar el nivel deseado mediante el cursor.<\/li>\n<li><strong>Para Microsoft Internet Explorer 5 :<\/strong> elegir el men\u00fa \u201cHerramientas\u201d (o \u201cTools\u201d), luego \u201cOpciones de Internet\u201d (o \u201cInternet Options\u201d). Hacer clic en la pesta\u00f1a \u201cSeguridad\u201d (o \u00ab Security \u00bb). Seleccionar \u00ab Internet \u00bb luego \u00ab Personalizar el nivel \u00bb (o \u00ab CustomLevel \u00bb). Localizar la secci\u00f3n \u00ab cookies \u00bb y elegir la opci\u00f3n adecuada.<\/li>\n<li><strong>Para Netscape 6.X et 7. X :<\/strong> elegir el men\u00fa \u201cEdici\u00f3n\u201d \u2013 \u201cPreferencias\u201d Privacidad y Seguridad Cookies<\/li>\n<li><strong>Para Op\u00e9ra 6.0\u00a0y versiones posteriores :<\/strong> elegir el men\u00fa \u201cArchivo\u201d \u2013 \u201cPreferencias\u201d Privacidad (Variante 2 : Sitio web con cookies que incluyen informaci\u00f3n proporcionada por el usuario).<\/li>\n<\/ul>\n<p>El Usuario tiene derecho a oponerse a que los datos personales que le conciernen sean objeto de tratamiento y a que dichos datos sean utilizados con fines de prospecci\u00f3n, en particular comercial. El Usuario, tras acreditar su identidad, puede dirigirse a Uniivo con el fin de obtener la confirmaci\u00f3n de si los datos personales que le conciernen est\u00e1n siendo tratados o no, as\u00ed como informaci\u00f3n relativa a las finalidades del tratamiento, a las categor\u00edas de datos personales tratados y a los destinatarios o categor\u00edas de destinatarios a los que se comunican dichos datos, la comunicaci\u00f3n de los datos personales que le conciernen, as\u00ed como cualquier informaci\u00f3n disponible sobre el origen de los mismos, y la informaci\u00f3n que permita conocer y, en su caso, impugnar la l\u00f3gica que subyace al tratamiento automatizado cuando este sirva de base para decisiones que produzcan efectos jur\u00eddicos sobre \u00e9l. El Usuario tambi\u00e9n podr\u00e1, previa acreditaci\u00f3n de su identidad, exigir a Uniivo la rectificaci\u00f3n, completado, actualizaci\u00f3n, bloqueo o supresi\u00f3n de los datos personales que le conciernan cuando sean inexactos, incompletos, equ\u00edvocos, obsoletos o cuando su recogida, utilizaci\u00f3n, comunicaci\u00f3n o conservaci\u00f3n est\u00e9 prohibida. Para ejercer este derecho, el Usuario deber\u00e1 enviar una solicitud a Uniivo, en su condici\u00f3n de responsable del tratamiento, a la siguiente direcci\u00f3n : <a href=\"mailto:info@uniivo.eu\">info@uniivo.eu<\/a><\/p>\n<h3>Propiedad intelectual<\/h3>\n<p>Los elementos presentes en este sitio, tales como sonidos, im\u00e1genes, fotograf\u00edas, v\u00eddeos, textos, animaciones, programas, identidad gr\u00e1fica, utilidades, bases de datos y software, est\u00e1n protegidos por las disposiciones del C\u00f3digo de la Propiedad Intelectual y pertenecen a Uniivo. El usuario se compromete a no vulnerar los derechos de propiedad intelectual asociados a estos elementos, y en particular a no reproducirlos, representarlos, modificarlos, adaptarlos, traducirlos, ni extraer y\/o reutilizar una parte cualitativa o cuantitativamente sustancial de los mismos, salvo en los casos necesarios para su uso normal y conforme.<\/p>\n<h3>Cr\u00e9ditos fotogr\u00e1ficos<\/h3>\n<p>Fuentes de las fotos o ilustraciones en l\u00ednea: Los derechos de autor y los derechos de propiedad intelectual pertenecen a Fotolia o a sus contribuyentes. Estas obras han sido objeto de un contrato de descarga de contenido entre la empresa Uniivo y los bancos de im\u00e1genes Adobe Stock y Shutterstock.<\/p>\n<p><strong>Fuentes:<br \/>\n<\/strong><a href=\"https:\/\/stock.adobe.com\/fr\/\" target=\"_blank\" rel=\"noopener\">stock.adobe.com<\/a><br \/>\n<a href=\"https:\/\/www.shutterstock.com\/fr\/\" target=\"_blank\" rel=\"noopener\">www.shutterstock.com<\/a><\/p>\n<p><a href=\"https:\/\/www.lummi.ai\/\">www.lummi.ai<\/a><\/p>\n<h3>Advertencias<\/h3>\n<p>Uniivo declina toda responsabilidad en caso de error u omisi\u00f3n.<\/p>\n<p>Para se\u00f1alar un error o solicitar la rectificaci\u00f3n de informaci\u00f3n, no dude en contactar con el webmaster rellenando el formulario de contacto.<\/p>\n<p>La informaci\u00f3n t\u00e9cnica contenida en este sitio tiene \u00fanicamente car\u00e1cter informativo y puede evolucionar en funci\u00f3n de modificaciones legislativas y reglamentarias.<\/p>\n<p>Uniivo no podr\u00e1 ser considerada responsable de la interpretaci\u00f3n que usted pueda hacer de la informaci\u00f3n o de los datos contenidos en este sitio.<\/p>\n<p>Corresponde al usuario de este sitio adoptar todas las medidas adecuadas para proteger sus propios datos y\/o software frente a la posible contaminaci\u00f3n por virus que circulen en la red Internet. Uniivo declina toda responsabilidad por cualquier da\u00f1o que pudiera producirse durante la consulta del presente sitio.<\/p>\n","protected":false},"excerpt":{"rendered":"<p>El editor del sitio Domicilio social : 1 Cour du Havre, 75013 Paris Tel\u00e9fono : 01 84 75 34 35 Correo electr\u00f3nico : info@uniivo.eu Sociedad de responsabilidad limitada con un capital de 35000 \u20ac Director de la publicaci\u00f3n : Thomas Follier Proveedor de alojamiento : OVH 2\u00a0rue Kellermann 59100 ROUBAIX Tel\u00e9fono : 08 203 203 [&#8230;]<\/p>\n<p><a class=\"btn btn-secondary understrap-read-more-link\" href=\"https:\/\/uniivo.eu\/es\/aviso-legal-uniivo\/\">Leer m\u00e1s&#8230;<span class=\"screen-reader-text\"> from Aviso legal<\/span><\/a><\/p>\n","protected":false},"author":1,"featured_media":16541,"parent":0,"menu_order":0,"comment_status":"closed","ping_status":"closed","template":"","meta":{"_acf_changed":false,"footnotes":""},"class_list":["post-16540","page","type-page","status-publish","has-post-thumbnail","hentry"],"acf":[],"yoast_head":"<!-- This site is optimized with the Yoast SEO plugin v27.4 - https:\/\/yoast.com\/product\/yoast-seo-wordpress\/ -->\n<title>Aviso legal - Informaci\u00f3n y condiciones de uso | Uniivo<\/title>\n<meta name=\"description\" content=\"Consulta nuestra informaci\u00f3n legal y las condiciones de uso, con los datos esenciales sobre nuestros servicios y el uso de nuestro sitio.\" \/>\n<meta name=\"robots\" content=\"index, follow, max-snippet:-1, max-image-preview:large, max-video-preview:-1\" \/>\n<link rel=\"canonical\" href=\"https:\/\/uniivo.eu\/es\/aviso-legal-uniivo\/\" \/>\n<meta property=\"og:locale\" content=\"es_ES\" \/>\n<meta property=\"og:type\" content=\"article\" \/>\n<meta property=\"og:title\" content=\"Aviso legal - Informaci\u00f3n y condiciones de uso | Uniivo\" \/>\n<meta property=\"og:description\" content=\"Consulta nuestra informaci\u00f3n legal y las condiciones de uso, con los datos esenciales sobre nuestros servicios y el uso de nuestro sitio.\" \/>\n<meta property=\"og:url\" content=\"https:\/\/uniivo.eu\/es\/aviso-legal-uniivo\/\" \/>\n<meta property=\"og:site_name\" content=\"Uniivo\" \/>\n<meta property=\"article:modified_time\" content=\"2026-04-24T09:06:05+00:00\" \/>\n<meta property=\"og:image\" content=\"https:\/\/uniivo.eu\/wp-content\/uploads\/2024\/06\/Visuels-lancement-_Plan-de-travail-1-copie-7-scaled.jpg\" \/>\n\t<meta property=\"og:image:width\" content=\"2560\" \/>\n\t<meta property=\"og:image:height\" content=\"1440\" \/>\n\t<meta property=\"og:image:type\" content=\"image\/jpeg\" \/>\n<meta name=\"twitter:card\" content=\"summary_large_image\" \/>\n<meta name=\"twitter:label1\" content=\"Tiempo de lectura\" \/>\n\t<meta name=\"twitter:data1\" content=\"7 minuto\" \/>\n<script type=\"application\/ld+json\" class=\"yoast-schema-graph\">{\"@context\":\"https:\\\/\\\/schema.org\",\"@graph\":[{\"@type\":\"WebPage\",\"@id\":\"https:\\\/\\\/uniivo.eu\\\/es\\\/aviso-legal-uniivo\\\/\",\"url\":\"https:\\\/\\\/uniivo.eu\\\/es\\\/aviso-legal-uniivo\\\/\",\"name\":\"Aviso legal - Informaci\u00f3n y condiciones de uso | Uniivo\",\"isPartOf\":{\"@id\":\"https:\\\/\\\/uniivo.eu\\\/es\\\/#website\"},\"primaryImageOfPage\":{\"@id\":\"https:\\\/\\\/uniivo.eu\\\/es\\\/aviso-legal-uniivo\\\/#primaryimage\"},\"image\":{\"@id\":\"https:\\\/\\\/uniivo.eu\\\/es\\\/aviso-legal-uniivo\\\/#primaryimage\"},\"thumbnailUrl\":\"https:\\\/\\\/uniivo.eu\\\/wp-content\\\/uploads\\\/2024\\\/06\\\/Visuels-lancement-_Plan-de-travail-1-copie-7-scaled.jpg\",\"datePublished\":\"2024-05-17T08:41:18+00:00\",\"dateModified\":\"2026-04-24T09:06:05+00:00\",\"description\":\"Consulta nuestra informaci\u00f3n legal y las condiciones de uso, con los datos esenciales sobre nuestros servicios y el uso de nuestro sitio.\",\"breadcrumb\":{\"@id\":\"https:\\\/\\\/uniivo.eu\\\/es\\\/aviso-legal-uniivo\\\/#breadcrumb\"},\"inLanguage\":\"es\",\"potentialAction\":[{\"@type\":\"ReadAction\",\"target\":[\"https:\\\/\\\/uniivo.eu\\\/es\\\/aviso-legal-uniivo\\\/\"]}]},{\"@type\":\"ImageObject\",\"inLanguage\":\"es\",\"@id\":\"https:\\\/\\\/uniivo.eu\\\/es\\\/aviso-legal-uniivo\\\/#primaryimage\",\"url\":\"https:\\\/\\\/uniivo.eu\\\/wp-content\\\/uploads\\\/2024\\\/06\\\/Visuels-lancement-_Plan-de-travail-1-copie-7-scaled.jpg\",\"contentUrl\":\"https:\\\/\\\/uniivo.eu\\\/wp-content\\\/uploads\\\/2024\\\/06\\\/Visuels-lancement-_Plan-de-travail-1-copie-7-scaled.jpg\",\"width\":2560,\"height\":1440,\"caption\":\"Uniivo politique de confidentialit\u00e9\"},{\"@type\":\"BreadcrumbList\",\"@id\":\"https:\\\/\\\/uniivo.eu\\\/es\\\/aviso-legal-uniivo\\\/#breadcrumb\",\"itemListElement\":[{\"@type\":\"ListItem\",\"position\":1,\"name\":\"Inicio\",\"item\":\"https:\\\/\\\/uniivo.eu\\\/es\\\/\"},{\"@type\":\"ListItem\",\"position\":2,\"name\":\"Aviso legal\"}]},{\"@type\":\"WebSite\",\"@id\":\"https:\\\/\\\/uniivo.eu\\\/es\\\/#website\",\"url\":\"https:\\\/\\\/uniivo.eu\\\/es\\\/\",\"name\":\"Uniivo\",\"description\":\"From today&#039;s science to tomorrow&#039;s health\",\"potentialAction\":[{\"@type\":\"SearchAction\",\"target\":{\"@type\":\"EntryPoint\",\"urlTemplate\":\"https:\\\/\\\/uniivo.eu\\\/es\\\/?s={search_term_string}\"},\"query-input\":{\"@type\":\"PropertyValueSpecification\",\"valueRequired\":true,\"valueName\":\"search_term_string\"}}],\"inLanguage\":\"es\"}]}<\/script>\n<!-- \/ Yoast SEO plugin. -->","yoast_head_json":{"title":"Aviso legal - Informaci\u00f3n y condiciones de uso | Uniivo","description":"Consulta nuestra informaci\u00f3n legal y las condiciones de uso, con los datos esenciales sobre nuestros servicios y el uso de nuestro sitio.","robots":{"index":"index","follow":"follow","max-snippet":"max-snippet:-1","max-image-preview":"max-image-preview:large","max-video-preview":"max-video-preview:-1"},"canonical":"https:\/\/uniivo.eu\/es\/aviso-legal-uniivo\/","og_locale":"es_ES","og_type":"article","og_title":"Aviso legal - Informaci\u00f3n y condiciones de uso | Uniivo","og_description":"Consulta nuestra informaci\u00f3n legal y las condiciones de uso, con los datos esenciales sobre nuestros servicios y el uso de nuestro sitio.","og_url":"https:\/\/uniivo.eu\/es\/aviso-legal-uniivo\/","og_site_name":"Uniivo","article_modified_time":"2026-04-24T09:06:05+00:00","og_image":[{"width":2560,"height":1440,"url":"https:\/\/uniivo.eu\/wp-content\/uploads\/2024\/06\/Visuels-lancement-_Plan-de-travail-1-copie-7-scaled.jpg","type":"image\/jpeg"}],"twitter_card":"summary_large_image","twitter_misc":{"Tiempo de lectura":"7 minuto"},"schema":{"@context":"https:\/\/schema.org","@graph":[{"@type":"WebPage","@id":"https:\/\/uniivo.eu\/es\/aviso-legal-uniivo\/","url":"https:\/\/uniivo.eu\/es\/aviso-legal-uniivo\/","name":"Aviso legal - Informaci\u00f3n y condiciones de uso | Uniivo","isPartOf":{"@id":"https:\/\/uniivo.eu\/es\/#website"},"primaryImageOfPage":{"@id":"https:\/\/uniivo.eu\/es\/aviso-legal-uniivo\/#primaryimage"},"image":{"@id":"https:\/\/uniivo.eu\/es\/aviso-legal-uniivo\/#primaryimage"},"thumbnailUrl":"https:\/\/uniivo.eu\/wp-content\/uploads\/2024\/06\/Visuels-lancement-_Plan-de-travail-1-copie-7-scaled.jpg","datePublished":"2024-05-17T08:41:18+00:00","dateModified":"2026-04-24T09:06:05+00:00","description":"Consulta nuestra informaci\u00f3n legal y las condiciones de uso, con los datos esenciales sobre nuestros servicios y el uso de nuestro sitio.","breadcrumb":{"@id":"https:\/\/uniivo.eu\/es\/aviso-legal-uniivo\/#breadcrumb"},"inLanguage":"es","potentialAction":[{"@type":"ReadAction","target":["https:\/\/uniivo.eu\/es\/aviso-legal-uniivo\/"]}]},{"@type":"ImageObject","inLanguage":"es","@id":"https:\/\/uniivo.eu\/es\/aviso-legal-uniivo\/#primaryimage","url":"https:\/\/uniivo.eu\/wp-content\/uploads\/2024\/06\/Visuels-lancement-_Plan-de-travail-1-copie-7-scaled.jpg","contentUrl":"https:\/\/uniivo.eu\/wp-content\/uploads\/2024\/06\/Visuels-lancement-_Plan-de-travail-1-copie-7-scaled.jpg","width":2560,"height":1440,"caption":"Uniivo politique de confidentialit\u00e9"},{"@type":"BreadcrumbList","@id":"https:\/\/uniivo.eu\/es\/aviso-legal-uniivo\/#breadcrumb","itemListElement":[{"@type":"ListItem","position":1,"name":"Inicio","item":"https:\/\/uniivo.eu\/es\/"},{"@type":"ListItem","position":2,"name":"Aviso legal"}]},{"@type":"WebSite","@id":"https:\/\/uniivo.eu\/es\/#website","url":"https:\/\/uniivo.eu\/es\/","name":"Uniivo","description":"From today&#039;s science to tomorrow&#039;s health","potentialAction":[{"@type":"SearchAction","target":{"@type":"EntryPoint","urlTemplate":"https:\/\/uniivo.eu\/es\/?s={search_term_string}"},"query-input":{"@type":"PropertyValueSpecification","valueRequired":true,"valueName":"search_term_string"}}],"inLanguage":"es"}]}},"_links":{"self":[{"href":"https:\/\/uniivo.eu\/es\/wp-json\/wp\/v2\/pages\/16540","targetHints":{"allow":["GET"]}}],"collection":[{"href":"https:\/\/uniivo.eu\/es\/wp-json\/wp\/v2\/pages"}],"about":[{"href":"https:\/\/uniivo.eu\/es\/wp-json\/wp\/v2\/types\/page"}],"author":[{"embeddable":true,"href":"https:\/\/uniivo.eu\/es\/wp-json\/wp\/v2\/users\/1"}],"replies":[{"embeddable":true,"href":"https:\/\/uniivo.eu\/es\/wp-json\/wp\/v2\/comments?post=16540"}],"version-history":[{"count":2,"href":"https:\/\/uniivo.eu\/es\/wp-json\/wp\/v2\/pages\/16540\/revisions"}],"predecessor-version":[{"id":16546,"href":"https:\/\/uniivo.eu\/es\/wp-json\/wp\/v2\/pages\/16540\/revisions\/16546"}],"wp:featuredmedia":[{"embeddable":true,"href":"https:\/\/uniivo.eu\/es\/wp-json\/wp\/v2\/media\/16541"}],"wp:attachment":[{"href":"https:\/\/uniivo.eu\/es\/wp-json\/wp\/v2\/media?parent=16540"}],"curies":[{"name":"wp","href":"https:\/\/api.w.org\/{rel}","templated":true}]}}